{"id":1757,"date":"2019-12-13T15:21:10","date_gmt":"2019-12-13T14:21:10","guid":{"rendered":"https:\/\/www.iwr-ing.com\/references\/pneumatic-sewer-systems\/"},"modified":"2025-05-27T07:16:21","modified_gmt":"2025-05-27T05:16:21","slug":"pneumatic-sewer-systems","status":"publish","type":"page","link":"https:\/\/www.iwr-ing.com\/en\/references\/pneumatic-sewer-systems\/","title":{"rendered":"Pneumatic Drainage \/ Vacuum Drainage Projects"},"content":{"rendered":"<div class=\"wpb-content-wrapper\"><p>[vc_row][vc_column width=&#8221;1\/1&#8243;][uncode_block id=&#8221;71&#8243;][\/vc_column][\/vc_row][vc_row row_height_percent=&#8221;0&#8243; override_padding=&#8221;yes&#8221; h_padding=&#8221;2&#8243; top_padding=&#8221;3&#8243; bottom_padding=&#8221;3&#8243; overlay_alpha=&#8221;50&#8243; gutter_size=&#8221;3&#8243; column_width_use_pixel=&#8221;yes&#8221; shift_y=&#8221;0&#8243; z_index=&#8221;0&#8243; column_width_pixel=&#8221;800&#8243;][vc_column column_width_percent=&#8221;100&#8243; align_horizontal=&#8221;align_center&#8221; gutter_size=&#8221;3&#8243; overlay_alpha=&#8221;50&#8243; shift_x=&#8221;0&#8243; shift_y=&#8221;0&#8243; shift_y_down=&#8221;0&#8243; z_index=&#8221;0&#8243; medium_width=&#8221;0&#8243; mobile_width=&#8221;0&#8243; width=&#8221;1\/1&#8243;][vc_column_text text_lead=&#8221;yes&#8221; uncode_shortcode_id=&#8221;666954&#8243;]Pneumatic drainage or vacuum drainage is our unique selling point in water management.[\/vc_column_text][vc_gallery el_id=&#8221;gallery-109942&#8243; medias=&#8221;1534,1540&#8243; gutter_size=&#8221;3&#8243; screen_lg=&#8221;1000&#8243; screen_md=&#8221;600&#8243; screen_sm=&#8221;480&#8243; single_overlay_opacity=&#8221;50&#8243; single_padding=&#8221;2&#8243; uncode_shortcode_id=&#8221;144035&#8243;][\/vc_column][\/vc_row][vc_row][vc_column width=&#8221;1\/1&#8243;][vc_column_text uncode_shortcode_id=&#8221;168571&#8243;]<\/p>\n<h3 style=\"text-align: center;\">IWR GmbH &#8211; Your expert in Pneumatic Drainage<\/h3>\n<p style=\"text-align: center;\">As an engineering company operating throughout Germany in the field of vacuum drainage, IWR GmbH offers comprehensive solutions for situations in which gravity drainage is impossible or not advisable for economic or technical reasons. With years of experience and a highly qualified team of engineers, we provide efficient drainage of buildings and facilities with vacuum technology. Below you will find some examples of our vacuum drainage projects.<\/p>\n<p>[\/vc_column_text][\/vc_column][\/vc_row][vc_row row_height_percent=&#8221;0&#8243; override_padding=&#8221;yes&#8221; h_padding=&#8221;2&#8243; top_padding=&#8221;2&#8243; bottom_padding=&#8221;3&#8243; back_color=&#8221;color-lxmt&#8221; overlay_alpha=&#8221;50&#8243; gutter_size=&#8221;3&#8243; column_width_percent=&#8221;100&#8243; shift_y=&#8221;0&#8243; z_index=&#8221;0&#8243;][vc_column column_width_percent=&#8221;100&#8243; gutter_size=&#8221;2&#8243; overlay_alpha=&#8221;50&#8243; shift_x=&#8221;0&#8243; shift_y=&#8221;0&#8243; shift_y_down=&#8221;0&#8243; z_index=&#8221;0&#8243; medium_width=&#8221;0&#8243; mobile_width=&#8221;0&#8243; width=&#8221;1\/3&#8243;][vc_empty_space empty_h=&#8221;1&#8243;][vc_custom_heading heading_semantic=&#8221;h4&#8243; text_size=&#8221;h4&#8243;]Association of municipalities Neuerburg, Waldhof-Falkenstein[\/vc_custom_heading][vc_column_text]On behalf of Dr. Bruch und Partner, we managed the construction site of a pneumatic sewer system in the municipality of Waldhof-Falkenstein. The completed sewer drains 50 PE through a 1.9-km-long vacuum pipe. A monitoring system supports the 22 vacuum collection chambers. Furthermore, several inflow points were detected and the illegally connected pipes closed.[\/vc_column_text][vc_gallery el_id=&#8221;gallery-720321&#8243; medias=&#8221;622,626,627&#8243; gutter_size=&#8221;1&#8243; screen_lg=&#8221;1&#8243; screen_md=&#8221;1&#8243; screen_sm=&#8221;1&#8243; single_width=&#8221;2&#8243; images_size=&#8221;one-one&#8221; single_shape=&#8221;round&#8221; single_overlay_opacity=&#8221;50&#8243; single_h_align=&#8221;center&#8221; single_padding=&#8221;0&#8243; single_text_reduced=&#8221;yes&#8221; single_icon=&#8221;fa fa-plus2&#8243;][vc_column_text uncode_shortcode_id=&#8221;176904&#8243;]<\/p>\n<h4><span id=\"page3R_mcid2\" class=\"markedContent\"><span dir=\"ltr\" role=\"presentation\"><br \/>\nMunicipality of Schwalmtal<\/span><\/span><\/h4>\n<p><span id=\"page3R_mcid2\" class=\"markedContent\"><span dir=\"ltr\" role=\"presentation\">Planning and supervision of the construction of a vacuum drainage system in Schwalmtal<\/span><br role=\"presentation\"><span dir=\"ltr\" role=\"presentation\">(Hesse) Rainrod district. Conversion<\/span> <span dir=\"ltr\" role=\"presentation\">from combined sewer to a separate sewerage system for approx. 135<\/span><br role=\"presentation\"><span dir=\"ltr\" role=\"presentation\">house connections and an underground vacuum station (in cooperation with Gera-based IB K\u00f6hler)<\/span><\/span><span id=\"page3R_mcid4\" class=\"markedContent\"><\/span><span id=\"page3R_mcid10\" class=\"markedContent\"><span dir=\"ltr\" role=\"presentation\">&#8211;<\/span><span dir=\"ltr\" role=\"presentation\">Planning and construction supervision of a vacuum drainage system in B\u00f6blingen<\/span><br role=\"presentation\"><span dir=\"ltr\" role=\"presentation\">(SEBB) Vacuum station and approx. 110 house connections (with IB K\u00f6hler from Gera).<\/span><\/span><\/p>\n<p>&nbsp;<\/p>\n<h4><span id=\"page3R_mcid10\" class=\"markedContent\"><span dir=\"ltr\" role=\"presentation\">Eigenbetrieb Stadten<\/span><span dir=\"ltr\" role=\"presentation\">tw\u00e4sserung B\u00f6blingen (SEBB)<\/span><\/span><\/h4>\n<p><span id=\"page3R_mcid14\" class=\"markedContent\"><span dir=\"ltr\" role=\"presentation\">Planning and construction supervision of a vacuum drainage system in B\u00f6blingen<\/span><br role=\"presentation\"><span dir=\"ltr\" role=\"presentation\">(SEBB) with 100 vacuum shafts and one vacuum station. Extension of the existing drainage system by approx. 15<\/span> <span dir=\"ltr\" role=\"presentation\">house connections.<\/span><\/span><\/p>\n<h4><span id=\"page22R_mcid2\" class=\"markedContent\"><span dir=\"ltr\" role=\"presentation\">ENNI Stadt und Service Niederrhein A\u00f6R<\/span><\/span><\/h4>\n<p><span id=\"page22R_mcid2\" class=\"markedContent\"><span dir=\"ltr\" role=\"presentation\">Planning and construction supervision of the renewal of the vacuum station in Steinbr\u00fcckenstra\u00dfe in Moers.<\/span><\/span>[\/vc_column_text][\/vc_column][vc_column column_width_percent=&#8221;100&#8243; gutter_size=&#8221;2&#8243; overlay_alpha=&#8221;50&#8243; shift_x=&#8221;0&#8243; shift_y=&#8221;0&#8243; shift_y_down=&#8221;0&#8243; z_index=&#8221;0&#8243; medium_width=&#8221;0&#8243; mobile_width=&#8221;0&#8243; width=&#8221;1\/3&#8243;][vc_empty_space empty_h=&#8221;1&#8243;][vc_custom_heading text_size=&#8221;h4&#8243; uncode_shortcode_id=&#8221;711591&#8243;]Member of the DWA Working Group &#8220;Negative Pressure Systems&#8221;[\/vc_custom_heading][vc_column_text uncode_shortcode_id=&#8221;627630&#8221;]Since 2017, we have been a member of the DWA working group ES-3.10 &#8220;Negative pressure systems&#8221; and actively contribute our expertise and experience to the design of the worksheet series <a href=\"https:\/\/shop.dwa.de\/search?search=DWA-A+120\" target=\"_blank\" rel=\"noopener\">&#8220;DWA-A 120 &#8211; Pumping systems outside buildings<\/a>&#8220;. This supplements DIN EN 16932 with specifications so far not contained in the DIN EN standard, in order to cover nationally required contents. It also applies only in conjunction with this standard.[\/vc_column_text][vc_custom_heading text_size=&#8221;h4&#8243; uncode_shortcode_id=&#8221;267190&#8243;]B\u00f6blingen-Dagersheim, \u2018\u00d6stlich der Waldstra\u00dfe\u2019[\/vc_custom_heading][vc_column_text]For owner-operated municipal enterprise Stadtwerke B\u00f6blingen \u2013 Stadtentw\u00e4sserung we have handled the planning, tendering, construction management and local construction supervision for the improvement area \u2018\u00d6stlich der Waldstra\u00dfe\u2019 since 2012. In this context, the construction of a culvert beneath the entrance of the underground car park of Volksbank B\u00f6blingen became necessary, as well as the use of pipe jacking.[\/vc_column_text][vc_gallery el_id=&#8221;gallery-720321&#8243; medias=&#8221;623&#8243; gutter_size=&#8221;1&#8243; screen_lg=&#8221;1&#8243; screen_md=&#8221;1&#8243; screen_sm=&#8221;1&#8243; single_width=&#8221;2&#8243; images_size=&#8221;one-one&#8221; single_shape=&#8221;round&#8221; single_overlay_opacity=&#8221;50&#8243; single_h_align=&#8221;center&#8221; single_padding=&#8221;0&#8243; single_text_reduced=&#8221;yes&#8221; single_icon=&#8221;fa fa-plus2&#8243; uncode_shortcode_id=&#8221;187213&#8243;][vc_column_text uncode_shortcode_id=&#8221;676030&#8243;]<\/p>\n<h4><span id=\"page3R_mcid17\" class=\"markedContent\"><span dir=\"ltr\" role=\"presentation\">Stadtentw\u00e4sserungsbetriebe K\u00f6ln A\u00f6R (Municipal Sewage Works Cologne)<\/span><\/span><\/h4>\n<p><span id=\"page3R_mcid17\" class=\"markedContent\"><span dir=\"ltr\" role=\"presentation\">Planning and construction supervision of a vacuum drainage system in Cologne (SteB<\/span><br role=\"presentation\"><span dir=\"ltr\" role=\"presentation\">K\u00f6ln) Vacuum station in an existing flood pumping station<\/span><span dir=\"ltr\" role=\"presentation\">15 house connections \/<\/span><br role=\"presentation\"><span dir=\"ltr\" role=\"presentation\">substations for a peak load event of more than PE.<\/span><\/span><span id=\"page3R_mcid21\" class=\"markedContent\"><br role=\"presentation\"><\/span><\/p>\n<h4><span id=\"page3R_mcid21\" class=\"markedContent\"><span dir=\"ltr\" role=\"presentation\">APE H&amp;H Zahrensdorf<br \/>\nGmbH &amp; Co KG<\/span><\/span><\/h4>\n<p><span id=\"page3R_mcid21\" class=\"markedContent\"><span dir=\"ltr\" role=\"presentation\">Planning and construction supervision of a vacuum drainage system in Zahrensdorf<\/span><br role=\"presentation\"><span dir=\"ltr\" role=\"presentation\">E<\/span><span dir=\"ltr\" role=\"presentation\">xtension of an existing negative pressure system by approx. 30 house connections.<\/span><\/span><span id=\"page3R_mcid23\" class=\"markedContent\"><\/span><\/p>\n<h4><span id=\"page22R_mcid4\" class=\"markedContent\"><span dir=\"ltr\" role=\"presentation\">Municipality of Karlshuld<\/span><\/span><\/h4>\n<p><span id=\"page22R_mcid2\" class=\"markedContent\"><\/span><span id=\"page22R_mcid4\" class=\"markedContent\"><span dir=\"ltr\" role=\"presentation\">Ongoing:<\/span> <span dir=\"ltr\" role=\"presentation\">Four new<\/span><span dir=\"ltr\" role=\"presentation\"> vacuum lines in the area of the new fire department building.<\/span><\/span>[\/vc_column_text][\/vc_column][vc_column column_width_percent=&#8221;100&#8243; gutter_size=&#8221;2&#8243; overlay_alpha=&#8221;50&#8243; shift_x=&#8221;0&#8243; shift_y=&#8221;0&#8243; shift_y_down=&#8221;0&#8243; z_index=&#8221;0&#8243; medium_width=&#8221;0&#8243; mobile_width=&#8221;0&#8243; width=&#8221;1\/3&#8243;][vc_empty_space empty_h=&#8221;1&#8243;][vc_custom_heading heading_semantic=&#8221;h4&#8243; text_size=&#8221;h4&#8243;]Kirchbruchstra\u00dfe L\u00fcnen[\/vc_custom_heading][vc_column_text]In 2014, IWR GmbH was tasked by Stadtbetrieb Abwasserbeseitigung L\u00fcnen A\u00f6R with the development of a concept for domestic wastewater disposal in Kirchbruchstra\u00dfe in the city of L\u00fcnen. In the context of a dynamic cost-comparison calculation, we first designed four different options with the same requirement profile. The result was that a pneumatic sewer system was the most economic option relative to gravity sewers or pressure drainage. In May 2016, the design of the pneumatic sewer system was finalised and included 19 house connection sewers and a vacuum tank with a nominal capacity of V=1.6 m<sup>3<\/sup>. The particular challenges in planning a drainage system in Kirchbruchstra\u00dfe were the confined space as well as groundwater and soil conditions.[\/vc_column_text][vc_gallery el_id=&#8221;gallery-720321&#8243; medias=&#8221;624&#8243; gutter_size=&#8221;1&#8243; screen_lg=&#8221;1&#8243; screen_md=&#8221;1&#8243; screen_sm=&#8221;1&#8243; single_width=&#8221;2&#8243; images_size=&#8221;one-one&#8221; single_shape=&#8221;round&#8221; single_overlay_opacity=&#8221;50&#8243; single_h_align=&#8221;center&#8221; single_padding=&#8221;0&#8243; single_text_reduced=&#8221;yes&#8221; single_icon=&#8221;fa fa-plus2&#8243;][vc_column_text uncode_shortcode_id=&#8221;149275&#8243;]<\/p>\n<h4><span id=\"page3R_mcid23\" class=\"markedContent\"><span dir=\"ltr\" role=\"presentation\"><br \/>\nZweckverband Abwasserentsorgung Rheinhessen (ZAR)<\/span><\/span><\/h4>\n<p><span id=\"page3R_mcid23\" class=\"markedContent\"><span dir=\"ltr\" role=\"presentation\">Weak point analysis and proposal for optimisation of pneumatic drainage at the<\/span><br role=\"presentation\"><span dir=\"ltr\" role=\"presentation\">Eicher See (ZAR) Two v<\/span><span dir=\"ltr\" role=\"presentation\">acuum station and approx. 650 house connection shafts<\/span><\/span><\/p>\n<h4><span id=\"page3R_mcid23\" class=\"markedContent\"><span id=\"page22R_mcid0\" class=\"markedContent\"><span dir=\"ltr\" role=\"presentation\">SteB K\u00f6ln (Cologne)<\/span><\/span><\/span><\/h4>\n<p><span id=\"page3R_mcid26\" class=\"markedContent\"><span dir=\"ltr\" role=\"presentation\">Planning of the optimization of the vacuum station at Kapellenstra\u00dfe in Cologne Rondorf (SteB<\/span> <br role=\"presentation\"> <span dir=\"ltr\" role=\"presentation\">K\u00f6ln) (compact station for the drainage<\/span> <span dir=\"ltr\" role=\"presentation\"> of a school and a small residential area approx. 10 <\/span><\/span><span id=\"page22R_mcid0\" class=\"markedContent\"><span dir=\"ltr\" role=\"presentation\">manholes)<\/span><\/span>[\/vc_column_text][\/vc_column][\/vc_row][vc_row][vc_column width=&#8221;1\/1&#8243;][vc_column_text uncode_shortcode_id=&#8221;169196&#8243;]Learn more about <a href=\"https:\/\/www.iwr-ing.com\/leistungen\/unterdruckentwaesserung\/\">our services in the field of negative pressure drainage<\/a>. If you want to learn even more about the topic, read <a href=\"https:\/\/de.wikipedia.org\/wiki\/Vakuumentw%C3%A4sserung\" target=\"_blank\" rel=\"noopener\">this Wikipedia article on vacuum drainage<\/a>.[\/vc_column_text][\/vc_column][\/vc_row][vc_row row_height_percent=&#8221;0&#8243; back_color=&#8221;color-gyho&#8221; overlay_alpha=&#8221;50&#8243; gutter_size=&#8221;3&#8243; column_width_percent=&#8221;100&#8243; shift_y=&#8221;0&#8243; z_index=&#8221;0&#8243;][vc_column width=&#8221;1\/1&#8243;][vc_button size=&#8221;link&#8221; custom_typo=&#8221;yes&#8221; font_family=&#8221;font-555555&#8243; font_weight=&#8221;600&#8243; text_transform=&#8221;uppercase&#8221; icon=&#8221;fa fa-arrow-left2&#8243; link=&#8221;url:https%3A%2F%2Fwww.iwr-ing.com%2Fen%2Freferences%2F|title:References|&#8221;]back[\/vc_button][\/vc_column][\/vc_row]<\/p>\n<\/div>","protected":false},"excerpt":{"rendered":"<p>[vc_row][vc_column width=&#8221;1\/1&#8243;][uncode_block id=&#8221;71&#8243;][\/vc_column][\/vc_row][vc_row row_height_percent=&#8221;0&#8243; override_padding=&#8221;yes&#8221; h_padding=&#8221;2&#8243; top_padding=&#8221;3&#8243; bottom_padding=&#8221;3&#8243; overlay_alpha=&#8221;50&#8243; gutter_size=&#8221;3&#8243; column_width_use_pixel=&#8221;yes&#8221; shift_y=&#8221;0&#8243; z_index=&#8221;0&#8243; column_width_pixel=&#8221;800&#8243;][vc_column column_width_percent=&#8221;100&#8243; align_horizontal=&#8221;align_center&#8221; gutter_size=&#8221;3&#8243; overlay_alpha=&#8221;50&#8243; shift_x=&#8221;0&#8243; shift_y=&#8221;0&#8243; [&hellip;]<\/p>\n","protected":false},"author":1,"featured_media":0,"parent":1742,"menu_order":0,"comment_status":"closed","ping_status":"closed","template":"","meta":{"_acf_changed":false,"footnotes":""},"class_list":["post-1757","page","type-page","status-publish","hentry"],"acf":[],"_links":{"self":[{"href":"https:\/\/www.iwr-ing.com\/en\/wp-json\/wp\/v2\/pages\/1757","targetHints":{"allow":["GET"]}}],"collection":[{"href":"https:\/\/www.iwr-ing.com\/en\/wp-json\/wp\/v2\/pages"}],"about":[{"href":"https:\/\/www.iwr-ing.com\/en\/wp-json\/wp\/v2\/types\/page"}],"author":[{"embeddable":true,"href":"https:\/\/www.iwr-ing.com\/en\/wp-json\/wp\/v2\/users\/1"}],"replies":[{"embeddable":true,"href":"https:\/\/www.iwr-ing.com\/en\/wp-json\/wp\/v2\/comments?post=1757"}],"version-history":[{"count":10,"href":"https:\/\/www.iwr-ing.com\/en\/wp-json\/wp\/v2\/pages\/1757\/revisions"}],"predecessor-version":[{"id":14786,"href":"https:\/\/www.iwr-ing.com\/en\/wp-json\/wp\/v2\/pages\/1757\/revisions\/14786"}],"up":[{"embeddable":true,"href":"https:\/\/www.iwr-ing.com\/en\/wp-json\/wp\/v2\/pages\/1742"}],"wp:attachment":[{"href":"https:\/\/www.iwr-ing.com\/en\/wp-json\/wp\/v2\/media?parent=1757"}],"curies":[{"name":"wp","href":"https:\/\/api.w.org\/{rel}","templated":true}]}}